{"id":286,"date":"2024-02-08T13:09:46","date_gmt":"2024-02-08T13:09:46","guid":{"rendered":"https:\/\/hiustutkija.fi\/?page_id=286"},"modified":"2024-03-07T10:09:01","modified_gmt":"2024-03-07T10:09:01","slug":"mita-hiuksesi-kertovat-kiinnostaisiko-hiustutkimus-ystavien-kanssa-tai-tyopaikalla","status":"publish","type":"page","link":"https:\/\/hiustutkija.fi\/?page_id=286","title":{"rendered":"Mit\u00e4 hiuksesi kertovat? Kiinnostaisiko hiustutkimus yst\u00e4vien kanssa tai ty\u00f6paikalla?"},"content":{"rendered":"\n<figure class=\"wp-block-image size-large\"><img loading=\"lazy\" decoding=\"async\" width=\"1024\" height=\"726\" src=\"https:\/\/hiustutkija.fi\/wp-content\/uploads\/2024\/02\/image-1024x726.png\" alt=\"\" class=\"wp-image-287\" srcset=\"https:\/\/hiustutkija.fi\/wp-content\/uploads\/2024\/02\/image-1024x726.png 1024w, https:\/\/hiustutkija.fi\/wp-content\/uploads\/2024\/02\/image-300x213.png 300w, https:\/\/hiustutkija.fi\/wp-content\/uploads\/2024\/02\/image-768x545.png 768w, https:\/\/hiustutkija.fi\/wp-content\/uploads\/2024\/02\/image-85x60.png 85w, https:\/\/hiustutkija.fi\/wp-content\/uploads\/2024\/02\/image.png 1255w\" sizes=\"auto, (max-width: 1024px) 100vw, 1024px\" \/><\/figure>\n","protected":false},"excerpt":{"rendered":"","protected":false},"author":2,"featured_media":0,"parent":273,"menu_order":0,"comment_status":"closed","ping_status":"closed","template":"","meta":{"footnotes":""},"class_list":["post-286","page","type-page","status-publish","hentry","grid-sizer"],"yoast_head":"<!-- This site is optimized with the Yoast SEO plugin v27.2 - https:\/\/yoast.com\/product\/yoast-seo-wordpress\/ -->\n<title>Mit\u00e4 hiuksesi kertovat? Kiinnostaisiko hiustutkimus yst\u00e4vien kanssa tai ty\u00f6paikalla? - Hiustutkija<\/title>\n<meta name=\"robots\" content=\"index, follow, max-snippet:-1, max-image-preview:large, max-video-preview:-1\" \/>\n<link rel=\"canonical\" href=\"https:\/\/hiustutkija.fi\/?page_id=286\" \/>\n<meta property=\"og:locale\" content=\"fi_FI\" \/>\n<meta property=\"og:type\" content=\"article\" \/>\n<meta property=\"og:title\" content=\"Mit\u00e4 hiuksesi kertovat? Kiinnostaisiko hiustutkimus yst\u00e4vien kanssa tai ty\u00f6paikalla? - Hiustutkija\" \/>\n<meta property=\"og:url\" content=\"https:\/\/hiustutkija.fi\/?page_id=286\" \/>\n<meta property=\"og:site_name\" content=\"Hiustutkija\" \/>\n<meta property=\"article:publisher\" content=\"https:\/\/www.facebook.com\/hiustutkija\" \/>\n<meta property=\"article:modified_time\" content=\"2024-03-07T10:09:01+00:00\" \/>\n<meta property=\"og:image\" content=\"https:\/\/hiustutkija.fi\/wp-content\/uploads\/2024\/02\/image-1024x726.png\" \/>\n<meta name=\"twitter:card\" content=\"summary_large_image\" \/>\n<script type=\"application\/ld+json\" class=\"yoast-schema-graph\">{\"@context\":\"https:\/\/schema.org\",\"@graph\":[{\"@type\":\"WebPage\",\"@id\":\"https:\/\/hiustutkija.fi\/?page_id=286\",\"url\":\"https:\/\/hiustutkija.fi\/?page_id=286\",\"name\":\"Mit\u00e4 hiuksesi kertovat? Kiinnostaisiko hiustutkimus yst\u00e4vien kanssa tai ty\u00f6paikalla? - Hiustutkija\",\"isPartOf\":{\"@id\":\"https:\/\/hiustutkija.fi\/#website\"},\"primaryImageOfPage\":{\"@id\":\"https:\/\/hiustutkija.fi\/?page_id=286#primaryimage\"},\"image\":{\"@id\":\"https:\/\/hiustutkija.fi\/?page_id=286#primaryimage\"},\"thumbnailUrl\":\"https:\/\/hiustutkija.fi\/wp-content\/uploads\/2024\/02\/image-1024x726.png\",\"datePublished\":\"2024-02-08T13:09:46+00:00\",\"dateModified\":\"2024-03-07T10:09:01+00:00\",\"breadcrumb\":{\"@id\":\"https:\/\/hiustutkija.fi\/?page_id=286#breadcrumb\"},\"inLanguage\":\"fi\",\"potentialAction\":[{\"@type\":\"ReadAction\",\"target\":[\"https:\/\/hiustutkija.fi\/?page_id=286\"]}]},{\"@type\":\"ImageObject\",\"inLanguage\":\"fi\",\"@id\":\"https:\/\/hiustutkija.fi\/?page_id=286#primaryimage\",\"url\":\"https:\/\/hiustutkija.fi\/wp-content\/uploads\/2024\/02\/image.png\",\"contentUrl\":\"https:\/\/hiustutkija.fi\/wp-content\/uploads\/2024\/02\/image.png\",\"width\":1255,\"height\":890},{\"@type\":\"BreadcrumbList\",\"@id\":\"https:\/\/hiustutkija.fi\/?page_id=286#breadcrumb\",\"itemListElement\":[{\"@type\":\"ListItem\",\"position\":1,\"name\":\"Etusivu\",\"item\":\"https:\/\/hiustutkija.fi\/\"},{\"@type\":\"ListItem\",\"position\":2,\"name\":\"Blogi\",\"item\":\"https:\/\/hiustutkija.fi\/?page_id=273\"},{\"@type\":\"ListItem\",\"position\":3,\"name\":\"Mit\u00e4 hiuksesi kertovat? Kiinnostaisiko hiustutkimus yst\u00e4vien kanssa tai ty\u00f6paikalla?\"}]},{\"@type\":\"WebSite\",\"@id\":\"https:\/\/hiustutkija.fi\/#website\",\"url\":\"https:\/\/hiustutkija.fi\/\",\"name\":\"Hiustutkija\",\"description\":\"\",\"publisher\":{\"@id\":\"https:\/\/hiustutkija.fi\/#organization\"},\"potentialAction\":[{\"@type\":\"SearchAction\",\"target\":{\"@type\":\"EntryPoint\",\"urlTemplate\":\"https:\/\/hiustutkija.fi\/?s={search_term_string}\"},\"query-input\":{\"@type\":\"PropertyValueSpecification\",\"valueRequired\":true,\"valueName\":\"search_term_string\"}}],\"inLanguage\":\"fi\"},{\"@type\":\"Organization\",\"@id\":\"https:\/\/hiustutkija.fi\/#organization\",\"name\":\"Hiustutkija\",\"url\":\"https:\/\/hiustutkija.fi\/\",\"logo\":{\"@type\":\"ImageObject\",\"inLanguage\":\"fi\",\"@id\":\"https:\/\/hiustutkija.fi\/#\/schema\/logo\/image\/\",\"url\":\"https:\/\/hiustutkija.fi\/wp-content\/uploads\/2024\/11\/hiustutkija-text.png\",\"contentUrl\":\"https:\/\/hiustutkija.fi\/wp-content\/uploads\/2024\/11\/hiustutkija-text.png\",\"width\":164,\"height\":87,\"caption\":\"Hiustutkija\"},\"image\":{\"@id\":\"https:\/\/hiustutkija.fi\/#\/schema\/logo\/image\/\"},\"sameAs\":[\"https:\/\/www.facebook.com\/hiustutkija\"]}]}<\/script>\n<!-- \/ Yoast SEO plugin. -->","yoast_head_json":{"title":"Mit\u00e4 hiuksesi kertovat? Kiinnostaisiko hiustutkimus yst\u00e4vien kanssa tai ty\u00f6paikalla? - Hiustutkija","robots":{"index":"index","follow":"follow","max-snippet":"max-snippet:-1","max-image-preview":"max-image-preview:large","max-video-preview":"max-video-preview:-1"},"canonical":"https:\/\/hiustutkija.fi\/?page_id=286","og_locale":"fi_FI","og_type":"article","og_title":"Mit\u00e4 hiuksesi kertovat? Kiinnostaisiko hiustutkimus yst\u00e4vien kanssa tai ty\u00f6paikalla? - Hiustutkija","og_url":"https:\/\/hiustutkija.fi\/?page_id=286","og_site_name":"Hiustutkija","article_publisher":"https:\/\/www.facebook.com\/hiustutkija","article_modified_time":"2024-03-07T10:09:01+00:00","og_image":[{"url":"https:\/\/hiustutkija.fi\/wp-content\/uploads\/2024\/02\/image-1024x726.png","type":"","width":"","height":""}],"twitter_card":"summary_large_image","schema":{"@context":"https:\/\/schema.org","@graph":[{"@type":"WebPage","@id":"https:\/\/hiustutkija.fi\/?page_id=286","url":"https:\/\/hiustutkija.fi\/?page_id=286","name":"Mit\u00e4 hiuksesi kertovat? Kiinnostaisiko hiustutkimus yst\u00e4vien kanssa tai ty\u00f6paikalla? - Hiustutkija","isPartOf":{"@id":"https:\/\/hiustutkija.fi\/#website"},"primaryImageOfPage":{"@id":"https:\/\/hiustutkija.fi\/?page_id=286#primaryimage"},"image":{"@id":"https:\/\/hiustutkija.fi\/?page_id=286#primaryimage"},"thumbnailUrl":"https:\/\/hiustutkija.fi\/wp-content\/uploads\/2024\/02\/image-1024x726.png","datePublished":"2024-02-08T13:09:46+00:00","dateModified":"2024-03-07T10:09:01+00:00","breadcrumb":{"@id":"https:\/\/hiustutkija.fi\/?page_id=286#breadcrumb"},"inLanguage":"fi","potentialAction":[{"@type":"ReadAction","target":["https:\/\/hiustutkija.fi\/?page_id=286"]}]},{"@type":"ImageObject","inLanguage":"fi","@id":"https:\/\/hiustutkija.fi\/?page_id=286#primaryimage","url":"https:\/\/hiustutkija.fi\/wp-content\/uploads\/2024\/02\/image.png","contentUrl":"https:\/\/hiustutkija.fi\/wp-content\/uploads\/2024\/02\/image.png","width":1255,"height":890},{"@type":"BreadcrumbList","@id":"https:\/\/hiustutkija.fi\/?page_id=286#breadcrumb","itemListElement":[{"@type":"ListItem","position":1,"name":"Etusivu","item":"https:\/\/hiustutkija.fi\/"},{"@type":"ListItem","position":2,"name":"Blogi","item":"https:\/\/hiustutkija.fi\/?page_id=273"},{"@type":"ListItem","position":3,"name":"Mit\u00e4 hiuksesi kertovat? Kiinnostaisiko hiustutkimus yst\u00e4vien kanssa tai ty\u00f6paikalla?"}]},{"@type":"WebSite","@id":"https:\/\/hiustutkija.fi\/#website","url":"https:\/\/hiustutkija.fi\/","name":"Hiustutkija","description":"","publisher":{"@id":"https:\/\/hiustutkija.fi\/#organization"},"potentialAction":[{"@type":"SearchAction","target":{"@type":"EntryPoint","urlTemplate":"https:\/\/hiustutkija.fi\/?s={search_term_string}"},"query-input":{"@type":"PropertyValueSpecification","valueRequired":true,"valueName":"search_term_string"}}],"inLanguage":"fi"},{"@type":"Organization","@id":"https:\/\/hiustutkija.fi\/#organization","name":"Hiustutkija","url":"https:\/\/hiustutkija.fi\/","logo":{"@type":"ImageObject","inLanguage":"fi","@id":"https:\/\/hiustutkija.fi\/#\/schema\/logo\/image\/","url":"https:\/\/hiustutkija.fi\/wp-content\/uploads\/2024\/11\/hiustutkija-text.png","contentUrl":"https:\/\/hiustutkija.fi\/wp-content\/uploads\/2024\/11\/hiustutkija-text.png","width":164,"height":87,"caption":"Hiustutkija"},"image":{"@id":"https:\/\/hiustutkija.fi\/#\/schema\/logo\/image\/"},"sameAs":["https:\/\/www.facebook.com\/hiustutkija"]}]}},"_links":{"self":[{"href":"https:\/\/hiustutkija.fi\/index.php?rest_route=\/wp\/v2\/pages\/286","targetHints":{"allow":["GET"]}}],"collection":[{"href":"https:\/\/hiustutkija.fi\/index.php?rest_route=\/wp\/v2\/pages"}],"about":[{"href":"https:\/\/hiustutkija.fi\/index.php?rest_route=\/wp\/v2\/types\/page"}],"author":[{"embeddable":true,"href":"https:\/\/hiustutkija.fi\/index.php?rest_route=\/wp\/v2\/users\/2"}],"replies":[{"embeddable":true,"href":"https:\/\/hiustutkija.fi\/index.php?rest_route=%2Fwp%2Fv2%2Fcomments&post=286"}],"version-history":[{"count":1,"href":"https:\/\/hiustutkija.fi\/index.php?rest_route=\/wp\/v2\/pages\/286\/revisions"}],"predecessor-version":[{"id":288,"href":"https:\/\/hiustutkija.fi\/index.php?rest_route=\/wp\/v2\/pages\/286\/revisions\/288"}],"up":[{"embeddable":true,"href":"https:\/\/hiustutkija.fi\/index.php?rest_route=\/wp\/v2\/pages\/273"}],"wp:attachment":[{"href":"https:\/\/hiustutkija.fi\/index.php?rest_route=%2Fwp%2Fv2%2Fmedia&parent=286"}],"curies":[{"name":"wp","href":"https:\/\/api.w.org\/{rel}","templated":true}]}}