{"id":174,"date":"2023-03-07T12:09:48","date_gmt":"2023-03-07T12:09:48","guid":{"rendered":"https:\/\/hiustutkija.fi\/?page_id=174"},"modified":"2024-03-25T10:43:18","modified_gmt":"2024-03-25T10:43:18","slug":"tuotteet","status":"publish","type":"page","link":"https:\/\/hiustutkija.fi\/?page_id=174","title":{"rendered":"Hiusten ja hiuspohjan hyvinvoinnin tueksi Acomax tuotteet."},"content":{"rendered":"\n<div class=\"wp-block-columns is-layout-flex wp-container-core-columns-is-layout-9d6595d7 wp-block-columns-is-layout-flex\">\n<div class=\"wp-block-column is-layout-flow wp-block-column-is-layout-flow\" style=\"flex-basis:66.66%\">\n<p><strong>Acomax sarja on kehitetty korjaamaan hiuspohjan ongelmia, poistamaan hiustenl\u00e4hd\u00f6n syit\u00e4 sek\u00e4 tukemaan hiusten kasvua ja hyvinvointia.<\/strong><\/p>\n\n\n\n<p>Acomax shampoo sis\u00e4lt\u00e4\u00e4 turvetta ja biotiinia, jotka puhdistavat ja ravitsevat hiusta sek\u00e4 hiuspohjaa, shampoo on hell\u00e4varainen ja soveltuu k\u00e4ytett\u00e4v\u00e4ksi jopa p\u00e4ivitt\u00e4in.<\/p>\n\n\n\n<p>Acomax hoitoaineen turve, argan- ja oliivi\u00f6ljyt ravitsevat ja kosteuttavat hiusta sek\u00e4 hiuspohjaa. T\u00e4m\u00e4 hoitoaine on suunniteltu my\u00f6s hiuspohjalle.<\/p>\n\n\n\n<p>Acomax syv\u00e4puhdistava savi puhdistaa hiustupet tehokkaasti, est\u00e4en hiustuppien tukkeutumisen ja siten ehk\u00e4isee hiustenl\u00e4ht\u00f6\u00e4.<\/p>\n\n\n\n<p>Acomax seerumi on oikea luottotuote, joka lis\u00e4\u00e4 hiustenkasvua tehostaen verenkiertoa ja hoitaa hiuspohjan ongelmia paikallisesti.<\/p>\n\n\n\n<p>Acomax detoxseerumi rauhoittaa tulehtunutta, \u00e4rtynytt\u00e4 hiuspohjaa. Pehment\u00e4\u00e4 psorin aiheuttamia paksuuntumia ja kuuriluontoisesti k\u00e4ytettyn\u00e4 poistaa j\u00e4hmettyneen ja kiteytyneenkin talin, est\u00e4en talia tukehduttamasta hiusta.<\/p>\n\n\n\n<p>Acomax kapselit sis\u00e4lt\u00e4v\u00e4t kaiken mit\u00e4 hius tarvitsee kasvuun ja hyvinvointiin. Tukee hiuspohjan hyvinvointia.<\/p>\n<\/div>\n\n\n\n<div class=\"wp-block-column is-layout-flow wp-block-column-is-layout-flow\" style=\"flex-basis:33.33%\">\n<h4 class=\"wp-block-heading has-text-align-center\"><strong>Suosittelemiamme tuotteita l\u00f6yd\u00e4t Q Medin verkkokaupasta, k\u00e4ytt\u00e4m\u00e4ll\u00e4 alennuskoodia:&nbsp; <\/strong><\/h4>\n\n\n\n<h4 class=\"wp-block-heading has-text-align-center\">HIUSTUTKIJA<strong> <\/strong><\/h4>\n\n\n\n<h4 class=\"wp-block-heading has-text-align-center\"><strong>saat&nbsp; 10%:n alennuksen kaikista tuotteista verkkokaupassa.<\/strong><\/h4>\n\n\n\n<div class=\"wp-block-buttons is-content-justification-center is-layout-flex wp-container-core-buttons-is-layout-16018d1d wp-block-buttons-is-layout-flex\">\n<div class=\"wp-block-button\"><a class=\"wp-block-button__link wp-element-button\" href=\"https:\/\/qmedi.fi\/?coupon=hiustutkija\" target=\"_blank\" rel=\"noreferrer noopener\">Verkkokauppaan<\/a><\/div>\n<\/div>\n\n\n\n<p class=\"has-text-align-center\"><strong>&nbsp;<\/strong><\/p>\n\n\n\n<p class=\"has-text-align-center\"><strong>Q Medin verkkokaupasta l\u00f6yd\u00e4t my\u00f6s tarkoin valikoidut lis\u00e4ravinteet ja vitamiinit.<\/strong><\/p>\n<\/div>\n<\/div>\n","protected":false},"excerpt":{"rendered":"<p>Acomax sarja on kehitetty korjaamaan hiuspohjan ongelmia, poistamaan hiustenl\u00e4hd\u00f6n syit\u00e4 sek\u00e4 tukemaan hiusten kasvua ja hyvinvointia. Acomax shampoo sis\u00e4lt\u00e4\u00e4 turvetta ja biotiinia, jotka puhdistavat ja ravitsevat hiusta sek\u00e4 hiuspohjaa, shampoo on hell\u00e4varainen ja soveltuu k\u00e4ytett\u00e4v\u00e4ksi jopa p\u00e4ivitt\u00e4in. Acomax hoitoaineen turve, argan- ja oliivi\u00f6ljyt ravitsevat ja kosteuttavat hiusta sek\u00e4 hiuspohjaa. T\u00e4m\u00e4 hoitoaine on suunniteltu my\u00f6s hiuspohjalle. &hellip; <\/p>\n","protected":false},"author":2,"featured_media":0,"parent":0,"menu_order":0,"comment_status":"closed","ping_status":"closed","template":"","meta":{"footnotes":""},"class_list":["post-174","page","type-page","status-publish","hentry","grid-sizer"],"yoast_head":"<!-- This site is optimized with the Yoast SEO plugin v27.2 - https:\/\/yoast.com\/product\/yoast-seo-wordpress\/ -->\n<title>Hiusten ja hiuspohjan hyvinvoinnin tueksi Acomax tuotteet. - Hiustutkija<\/title>\n<meta name=\"robots\" content=\"index, follow, max-snippet:-1, max-image-preview:large, max-video-preview:-1\" \/>\n<link rel=\"canonical\" href=\"https:\/\/hiustutkija.fi\/?page_id=174\" \/>\n<meta property=\"og:locale\" content=\"fi_FI\" \/>\n<meta property=\"og:type\" content=\"article\" \/>\n<meta property=\"og:title\" content=\"Hiusten ja hiuspohjan hyvinvoinnin tueksi Acomax tuotteet. - Hiustutkija\" \/>\n<meta property=\"og:description\" content=\"Acomax sarja on kehitetty korjaamaan hiuspohjan ongelmia, poistamaan hiustenl\u00e4hd\u00f6n syit\u00e4 sek\u00e4 tukemaan hiusten kasvua ja hyvinvointia. Acomax shampoo sis\u00e4lt\u00e4\u00e4 turvetta ja biotiinia, jotka puhdistavat ja ravitsevat hiusta sek\u00e4 hiuspohjaa, shampoo on hell\u00e4varainen ja soveltuu k\u00e4ytett\u00e4v\u00e4ksi jopa p\u00e4ivitt\u00e4in. Acomax hoitoaineen turve, argan- ja oliivi\u00f6ljyt ravitsevat ja kosteuttavat hiusta sek\u00e4 hiuspohjaa. T\u00e4m\u00e4 hoitoaine on suunniteltu my\u00f6s hiuspohjalle. &hellip;\" \/>\n<meta property=\"og:url\" content=\"https:\/\/hiustutkija.fi\/?page_id=174\" \/>\n<meta property=\"og:site_name\" content=\"Hiustutkija\" \/>\n<meta property=\"article:publisher\" content=\"https:\/\/www.facebook.com\/hiustutkija\" \/>\n<meta property=\"article:modified_time\" content=\"2024-03-25T10:43:18+00:00\" \/>\n<meta name=\"twitter:card\" content=\"summary_large_image\" \/>\n<meta name=\"twitter:label1\" content=\"Arvioitu lukuaika\" \/>\n\t<meta name=\"twitter:data1\" content=\"1 minuutti\" \/>\n<script type=\"application\/ld+json\" class=\"yoast-schema-graph\">{\"@context\":\"https:\/\/schema.org\",\"@graph\":[{\"@type\":\"WebPage\",\"@id\":\"https:\/\/hiustutkija.fi\/?page_id=174\",\"url\":\"https:\/\/hiustutkija.fi\/?page_id=174\",\"name\":\"Hiusten ja hiuspohjan hyvinvoinnin tueksi Acomax tuotteet. - Hiustutkija\",\"isPartOf\":{\"@id\":\"https:\/\/hiustutkija.fi\/#website\"},\"datePublished\":\"2023-03-07T12:09:48+00:00\",\"dateModified\":\"2024-03-25T10:43:18+00:00\",\"breadcrumb\":{\"@id\":\"https:\/\/hiustutkija.fi\/?page_id=174#breadcrumb\"},\"inLanguage\":\"fi\",\"potentialAction\":[{\"@type\":\"ReadAction\",\"target\":[\"https:\/\/hiustutkija.fi\/?page_id=174\"]}]},{\"@type\":\"BreadcrumbList\",\"@id\":\"https:\/\/hiustutkija.fi\/?page_id=174#breadcrumb\",\"itemListElement\":[{\"@type\":\"ListItem\",\"position\":1,\"name\":\"Etusivu\",\"item\":\"https:\/\/hiustutkija.fi\/\"},{\"@type\":\"ListItem\",\"position\":2,\"name\":\"Hiusten ja hiuspohjan hyvinvoinnin tueksi Acomax tuotteet.\"}]},{\"@type\":\"WebSite\",\"@id\":\"https:\/\/hiustutkija.fi\/#website\",\"url\":\"https:\/\/hiustutkija.fi\/\",\"name\":\"Hiustutkija\",\"description\":\"\",\"publisher\":{\"@id\":\"https:\/\/hiustutkija.fi\/#organization\"},\"potentialAction\":[{\"@type\":\"SearchAction\",\"target\":{\"@type\":\"EntryPoint\",\"urlTemplate\":\"https:\/\/hiustutkija.fi\/?s={search_term_string}\"},\"query-input\":{\"@type\":\"PropertyValueSpecification\",\"valueRequired\":true,\"valueName\":\"search_term_string\"}}],\"inLanguage\":\"fi\"},{\"@type\":\"Organization\",\"@id\":\"https:\/\/hiustutkija.fi\/#organization\",\"name\":\"Hiustutkija\",\"url\":\"https:\/\/hiustutkija.fi\/\",\"logo\":{\"@type\":\"ImageObject\",\"inLanguage\":\"fi\",\"@id\":\"https:\/\/hiustutkija.fi\/#\/schema\/logo\/image\/\",\"url\":\"https:\/\/hiustutkija.fi\/wp-content\/uploads\/2024\/11\/hiustutkija-text.png\",\"contentUrl\":\"https:\/\/hiustutkija.fi\/wp-content\/uploads\/2024\/11\/hiustutkija-text.png\",\"width\":164,\"height\":87,\"caption\":\"Hiustutkija\"},\"image\":{\"@id\":\"https:\/\/hiustutkija.fi\/#\/schema\/logo\/image\/\"},\"sameAs\":[\"https:\/\/www.facebook.com\/hiustutkija\"]}]}<\/script>\n<!-- \/ Yoast SEO plugin. -->","yoast_head_json":{"title":"Hiusten ja hiuspohjan hyvinvoinnin tueksi Acomax tuotteet. - Hiustutkija","robots":{"index":"index","follow":"follow","max-snippet":"max-snippet:-1","max-image-preview":"max-image-preview:large","max-video-preview":"max-video-preview:-1"},"canonical":"https:\/\/hiustutkija.fi\/?page_id=174","og_locale":"fi_FI","og_type":"article","og_title":"Hiusten ja hiuspohjan hyvinvoinnin tueksi Acomax tuotteet. - Hiustutkija","og_description":"Acomax sarja on kehitetty korjaamaan hiuspohjan ongelmia, poistamaan hiustenl\u00e4hd\u00f6n syit\u00e4 sek\u00e4 tukemaan hiusten kasvua ja hyvinvointia. Acomax shampoo sis\u00e4lt\u00e4\u00e4 turvetta ja biotiinia, jotka puhdistavat ja ravitsevat hiusta sek\u00e4 hiuspohjaa, shampoo on hell\u00e4varainen ja soveltuu k\u00e4ytett\u00e4v\u00e4ksi jopa p\u00e4ivitt\u00e4in. Acomax hoitoaineen turve, argan- ja oliivi\u00f6ljyt ravitsevat ja kosteuttavat hiusta sek\u00e4 hiuspohjaa. T\u00e4m\u00e4 hoitoaine on suunniteltu my\u00f6s hiuspohjalle. &hellip;","og_url":"https:\/\/hiustutkija.fi\/?page_id=174","og_site_name":"Hiustutkija","article_publisher":"https:\/\/www.facebook.com\/hiustutkija","article_modified_time":"2024-03-25T10:43:18+00:00","twitter_card":"summary_large_image","twitter_misc":{"Arvioitu lukuaika":"1 minuutti"},"schema":{"@context":"https:\/\/schema.org","@graph":[{"@type":"WebPage","@id":"https:\/\/hiustutkija.fi\/?page_id=174","url":"https:\/\/hiustutkija.fi\/?page_id=174","name":"Hiusten ja hiuspohjan hyvinvoinnin tueksi Acomax tuotteet. - Hiustutkija","isPartOf":{"@id":"https:\/\/hiustutkija.fi\/#website"},"datePublished":"2023-03-07T12:09:48+00:00","dateModified":"2024-03-25T10:43:18+00:00","breadcrumb":{"@id":"https:\/\/hiustutkija.fi\/?page_id=174#breadcrumb"},"inLanguage":"fi","potentialAction":[{"@type":"ReadAction","target":["https:\/\/hiustutkija.fi\/?page_id=174"]}]},{"@type":"BreadcrumbList","@id":"https:\/\/hiustutkija.fi\/?page_id=174#breadcrumb","itemListElement":[{"@type":"ListItem","position":1,"name":"Etusivu","item":"https:\/\/hiustutkija.fi\/"},{"@type":"ListItem","position":2,"name":"Hiusten ja hiuspohjan hyvinvoinnin tueksi Acomax tuotteet."}]},{"@type":"WebSite","@id":"https:\/\/hiustutkija.fi\/#website","url":"https:\/\/hiustutkija.fi\/","name":"Hiustutkija","description":"","publisher":{"@id":"https:\/\/hiustutkija.fi\/#organization"},"potentialAction":[{"@type":"SearchAction","target":{"@type":"EntryPoint","urlTemplate":"https:\/\/hiustutkija.fi\/?s={search_term_string}"},"query-input":{"@type":"PropertyValueSpecification","valueRequired":true,"valueName":"search_term_string"}}],"inLanguage":"fi"},{"@type":"Organization","@id":"https:\/\/hiustutkija.fi\/#organization","name":"Hiustutkija","url":"https:\/\/hiustutkija.fi\/","logo":{"@type":"ImageObject","inLanguage":"fi","@id":"https:\/\/hiustutkija.fi\/#\/schema\/logo\/image\/","url":"https:\/\/hiustutkija.fi\/wp-content\/uploads\/2024\/11\/hiustutkija-text.png","contentUrl":"https:\/\/hiustutkija.fi\/wp-content\/uploads\/2024\/11\/hiustutkija-text.png","width":164,"height":87,"caption":"Hiustutkija"},"image":{"@id":"https:\/\/hiustutkija.fi\/#\/schema\/logo\/image\/"},"sameAs":["https:\/\/www.facebook.com\/hiustutkija"]}]}},"_links":{"self":[{"href":"https:\/\/hiustutkija.fi\/index.php?rest_route=\/wp\/v2\/pages\/174","targetHints":{"allow":["GET"]}}],"collection":[{"href":"https:\/\/hiustutkija.fi\/index.php?rest_route=\/wp\/v2\/pages"}],"about":[{"href":"https:\/\/hiustutkija.fi\/index.php?rest_route=\/wp\/v2\/types\/page"}],"author":[{"embeddable":true,"href":"https:\/\/hiustutkija.fi\/index.php?rest_route=\/wp\/v2\/users\/2"}],"replies":[{"embeddable":true,"href":"https:\/\/hiustutkija.fi\/index.php?rest_route=%2Fwp%2Fv2%2Fcomments&post=174"}],"version-history":[{"count":10,"href":"https:\/\/hiustutkija.fi\/index.php?rest_route=\/wp\/v2\/pages\/174\/revisions"}],"predecessor-version":[{"id":392,"href":"https:\/\/hiustutkija.fi\/index.php?rest_route=\/wp\/v2\/pages\/174\/revisions\/392"}],"wp:attachment":[{"href":"https:\/\/hiustutkija.fi\/index.php?rest_route=%2Fwp%2Fv2%2Fmedia&parent=174"}],"curies":[{"name":"wp","href":"https:\/\/api.w.org\/{rel}","templated":true}]}}